{"id":516,"date":"2024-10-02T11:54:56","date_gmt":"2024-10-02T09:54:56","guid":{"rendered":"https:\/\/effe2.gruppoflorence.it\/?page_id=516"},"modified":"2024-12-19T17:57:42","modified_gmt":"2024-12-19T16:57:42","slug":"prestations","status":"publish","type":"page","link":"https:\/\/effe2.gruppoflorence.it\/fr\/prestations\/","title":{"rendered":"Prestations"},"content":{"rendered":"","protected":false},"excerpt":{"rendered":"","protected":false},"author":18,"featured_media":0,"parent":0,"menu_order":0,"comment_status":"closed","ping_status":"closed","template":"","meta":{"_acf_changed":false,"footnotes":""},"class_list":["post-516","page","type-page","status-publish","hentry"],"acf":[],"yoast_head":"<!-- This site is optimized with the Yoast SEO plugin v27.1.1 - https:\/\/yoast.com\/product\/yoast-seo-wordpress\/ -->\n<title>Effe2 prestations: excellente production de v\u00eatements en jersey<\/title>\n<meta name=\"description\" content=\"D\u00e9couvrez les services propos\u00e9s par Effe2 pour les v\u00eatements en jersey, qui assurent la qualit\u00e9 et l&#039;innovation \u00e0 chaque \u00e9tape du processus de production.\" \/>\n<meta name=\"robots\" content=\"index, follow, max-snippet:-1, max-image-preview:large, max-video-preview:-1\" \/>\n<link rel=\"canonical\" href=\"https:\/\/effe2.gruppoflorence.it\/fr\/prestations\/\" \/>\n<meta property=\"og:locale\" content=\"fr_FR\" \/>\n<meta property=\"og:type\" content=\"article\" \/>\n<meta property=\"og:title\" content=\"Effe2 prestations: excellente production de v\u00eatements en jersey\" \/>\n<meta property=\"og:description\" content=\"D\u00e9couvrez les services propos\u00e9s par Effe2 pour les v\u00eatements en jersey, qui assurent la qualit\u00e9 et l&#039;innovation \u00e0 chaque \u00e9tape du processus de production.\" \/>\n<meta property=\"og:url\" content=\"https:\/\/effe2.gruppoflorence.it\/fr\/prestations\/\" \/>\n<meta property=\"og:site_name\" content=\"EFFE2\" \/>\n<meta property=\"article:modified_time\" content=\"2024-12-19T16:57:42+00:00\" \/>\n<meta name=\"twitter:card\" content=\"summary_large_image\" \/>\n<script type=\"application\/ld+json\" class=\"yoast-schema-graph\">{\"@context\":\"https:\/\/schema.org\",\"@graph\":[{\"@type\":\"WebPage\",\"@id\":\"https:\/\/effe2.gruppoflorence.it\/fr\/prestations\/\",\"url\":\"https:\/\/effe2.gruppoflorence.it\/fr\/prestations\/\",\"name\":\"Effe2 prestations: excellente production de v\u00eatements en jersey\",\"isPartOf\":{\"@id\":\"https:\/\/effe2.gruppoflorence.it\/#website\"},\"datePublished\":\"2024-10-02T09:54:56+00:00\",\"dateModified\":\"2024-12-19T16:57:42+00:00\",\"description\":\"D\u00e9couvrez les services propos\u00e9s par Effe2 pour les v\u00eatements en jersey, qui assurent la qualit\u00e9 et l'innovation \u00e0 chaque \u00e9tape du processus de production.\",\"breadcrumb\":{\"@id\":\"https:\/\/effe2.gruppoflorence.it\/fr\/prestations\/#breadcrumb\"},\"inLanguage\":\"fr-FR\",\"potentialAction\":[{\"@type\":\"ReadAction\",\"target\":[\"https:\/\/effe2.gruppoflorence.it\/fr\/prestations\/\"]}]},{\"@type\":\"BreadcrumbList\",\"@id\":\"https:\/\/effe2.gruppoflorence.it\/fr\/prestations\/#breadcrumb\",\"itemListElement\":[{\"@type\":\"ListItem\",\"position\":1,\"name\":\"Home\",\"item\":\"https:\/\/effe2.gruppoflorence.it\/fr\/\"},{\"@type\":\"ListItem\",\"position\":2,\"name\":\"Prestations\"}]},{\"@type\":\"WebSite\",\"@id\":\"https:\/\/effe2.gruppoflorence.it\/#website\",\"url\":\"https:\/\/effe2.gruppoflorence.it\/\",\"name\":\"EFFE2\",\"description\":\"\",\"potentialAction\":[{\"@type\":\"SearchAction\",\"target\":{\"@type\":\"EntryPoint\",\"urlTemplate\":\"https:\/\/effe2.gruppoflorence.it\/?s={search_term_string}\"},\"query-input\":{\"@type\":\"PropertyValueSpecification\",\"valueRequired\":true,\"valueName\":\"search_term_string\"}}],\"inLanguage\":\"fr-FR\"}]}<\/script>\n<!-- \/ Yoast SEO plugin. -->","yoast_head_json":{"title":"Effe2 prestations: excellente production de v\u00eatements en jersey","description":"D\u00e9couvrez les services propos\u00e9s par Effe2 pour les v\u00eatements en jersey, qui assurent la qualit\u00e9 et l'innovation \u00e0 chaque \u00e9tape du processus de production.","robots":{"index":"index","follow":"follow","max-snippet":"max-snippet:-1","max-image-preview":"max-image-preview:large","max-video-preview":"max-video-preview:-1"},"canonical":"https:\/\/effe2.gruppoflorence.it\/fr\/prestations\/","og_locale":"fr_FR","og_type":"article","og_title":"Effe2 prestations: excellente production de v\u00eatements en jersey","og_description":"D\u00e9couvrez les services propos\u00e9s par Effe2 pour les v\u00eatements en jersey, qui assurent la qualit\u00e9 et l'innovation \u00e0 chaque \u00e9tape du processus de production.","og_url":"https:\/\/effe2.gruppoflorence.it\/fr\/prestations\/","og_site_name":"EFFE2","article_modified_time":"2024-12-19T16:57:42+00:00","twitter_card":"summary_large_image","schema":{"@context":"https:\/\/schema.org","@graph":[{"@type":"WebPage","@id":"https:\/\/effe2.gruppoflorence.it\/fr\/prestations\/","url":"https:\/\/effe2.gruppoflorence.it\/fr\/prestations\/","name":"Effe2 prestations: excellente production de v\u00eatements en jersey","isPartOf":{"@id":"https:\/\/effe2.gruppoflorence.it\/#website"},"datePublished":"2024-10-02T09:54:56+00:00","dateModified":"2024-12-19T16:57:42+00:00","description":"D\u00e9couvrez les services propos\u00e9s par Effe2 pour les v\u00eatements en jersey, qui assurent la qualit\u00e9 et l'innovation \u00e0 chaque \u00e9tape du processus de production.","breadcrumb":{"@id":"https:\/\/effe2.gruppoflorence.it\/fr\/prestations\/#breadcrumb"},"inLanguage":"fr-FR","potentialAction":[{"@type":"ReadAction","target":["https:\/\/effe2.gruppoflorence.it\/fr\/prestations\/"]}]},{"@type":"BreadcrumbList","@id":"https:\/\/effe2.gruppoflorence.it\/fr\/prestations\/#breadcrumb","itemListElement":[{"@type":"ListItem","position":1,"name":"Home","item":"https:\/\/effe2.gruppoflorence.it\/fr\/"},{"@type":"ListItem","position":2,"name":"Prestations"}]},{"@type":"WebSite","@id":"https:\/\/effe2.gruppoflorence.it\/#website","url":"https:\/\/effe2.gruppoflorence.it\/","name":"EFFE2","description":"","potentialAction":[{"@type":"SearchAction","target":{"@type":"EntryPoint","urlTemplate":"https:\/\/effe2.gruppoflorence.it\/?s={search_term_string}"},"query-input":{"@type":"PropertyValueSpecification","valueRequired":true,"valueName":"search_term_string"}}],"inLanguage":"fr-FR"}]}},"_links":{"self":[{"href":"https:\/\/effe2.gruppoflorence.it\/fr\/wp-json\/wp\/v2\/pages\/516","targetHints":{"allow":["GET"]}}],"collection":[{"href":"https:\/\/effe2.gruppoflorence.it\/fr\/wp-json\/wp\/v2\/pages"}],"about":[{"href":"https:\/\/effe2.gruppoflorence.it\/fr\/wp-json\/wp\/v2\/types\/page"}],"author":[{"embeddable":true,"href":"https:\/\/effe2.gruppoflorence.it\/fr\/wp-json\/wp\/v2\/users\/18"}],"replies":[{"embeddable":true,"href":"https:\/\/effe2.gruppoflorence.it\/fr\/wp-json\/wp\/v2\/comments?post=516"}],"version-history":[{"count":7,"href":"https:\/\/effe2.gruppoflorence.it\/fr\/wp-json\/wp\/v2\/pages\/516\/revisions"}],"predecessor-version":[{"id":664,"href":"https:\/\/effe2.gruppoflorence.it\/fr\/wp-json\/wp\/v2\/pages\/516\/revisions\/664"}],"wp:attachment":[{"href":"https:\/\/effe2.gruppoflorence.it\/fr\/wp-json\/wp\/v2\/media?parent=516"}],"curies":[{"name":"wp","href":"https:\/\/api.w.org\/{rel}","templated":true}]}}